{"id":7015,"date":"2024-03-11T17:50:45","date_gmt":"2024-03-11T21:50:45","guid":{"rendered":"https:\/\/centrebang.ca\/?post_type=product&#038;p=7015"},"modified":"2024-03-11T18:02:35","modified_gmt":"2024-03-11T22:02:35","slug":"10-jours-qui-nebranlerent-pas-le-monde","status":"publish","type":"product","link":"https:\/\/centrebang.ca\/en\/produit\/10-jours-qui-nebranlerent-pas-le-monde\/","title":{"rendered":"10 jours qui n&#8217;\u00e9branl\u00e8rent pas le monde"},"content":{"rendered":"<p>En Novembre 1918 matelots et ouvriers allemands vont propager la r\u00e9volution communiste et provoquer la chute du Reich ainsi que l&#8217;av\u00e8nement d&#8217;une R\u00e9publique socialiste. En Alsace, le mouvement sera tr\u00e8s rapidement \u00e9touff\u00e9 par le retour de l&#8217;arm\u00e9e fran\u00e7aise au pays.<\/p>\n<p>300 exemplaires (s\u00e9rigraphie).<br \/>\nD\u00e9pliant de 8 pages + poster central.<\/p>\n","protected":false},"excerpt":{"rendered":"<h1><em>10 jours qui n&#8217;\u00e9branl\u00e8rent pas le monde<\/em><span class=\"x193iq5w xeuugli x13faqbe x1vvkbs x1xmvt09 x1lliihq x1s928wv xhkezso x1gmr53x x1cpjm7i x1fgarty x1943h6x xudqn12 x3x7a5m x6prxxf xvq8zen xo1l8bm xzsf02u x1yc453h\" dir=\"auto\"><br \/>\n<\/span><\/h1>\n<h6>Livre Papier \/ Illustrations en noir et blanc<\/h6>\n<p><strong>Auteur.e(s) <\/strong>Emmanuelle Amann (texte) ; Raphael Gromy (illustrations)<strong><br \/>\nDate de sortie <\/strong>2011<br \/>\n<strong>Langue<\/strong> Fran\u00e7ais<br \/>\n<strong>\u00c9diteur <\/strong><a href=\"https:\/\/centrebang.ca\/?sf=recherche-globale&amp;pt=post%2Cpage%2Ccpt-programmation%2Ccpt-public&amp;s=Papier+G%C3%A2chette\">Papier G\u00e2chette<\/a><br \/>\n<strong>Cat\u00e9gorie(s)<\/strong> <a href=\"https:\/\/centrebang.ca\/boutique\/?wpf=filtre_boutique&amp;wpf_cols=4&amp;wpf_page=1&amp;wpf_categories=zines-produits\">Zines<\/a><br \/>\n<strong>Nombre de pages <\/strong>8<br \/>\n<strong>ISBN <\/strong>&#8211;<\/p>\n","protected":false},"featured_media":7016,"comment_status":"open","ping_status":"closed","template":"","meta":{"wds_primary_product_cat":0},"product_cat":[137,144],"product_tag":[],"acf":[],"_links":{"self":[{"href":"https:\/\/centrebang.ca\/en\/wp-json\/wp\/v2\/product\/7015"}],"collection":[{"href":"https:\/\/centrebang.ca\/en\/wp-json\/wp\/v2\/product"}],"about":[{"href":"https:\/\/centrebang.ca\/en\/wp-json\/wp\/v2\/types\/product"}],"replies":[{"embeddable":true,"href":"https:\/\/centrebang.ca\/en\/wp-json\/wp\/v2\/comments?post=7015"}],"wp:featuredmedia":[{"embeddable":true,"href":"https:\/\/centrebang.ca\/en\/wp-json\/wp\/v2\/media\/7016"}],"wp:attachment":[{"href":"https:\/\/centrebang.ca\/en\/wp-json\/wp\/v2\/media?parent=7015"}],"wp:term":[{"taxonomy":"product_cat","embeddable":true,"href":"https:\/\/centrebang.ca\/en\/wp-json\/wp\/v2\/product_cat?post=7015"},{"taxonomy":"product_tag","embeddable":true,"href":"https:\/\/centrebang.ca\/en\/wp-json\/wp\/v2\/product_tag?post=7015"}],"curies":[{"name":"wp","href":"https:\/\/api.w.org\/{rel}","templated":true}]}}