{"id":7000,"date":"2024-03-11T15:52:06","date_gmt":"2024-03-11T19:52:06","guid":{"rendered":"https:\/\/centrebang.ca\/?post_type=product&#038;p=7000"},"modified":"2024-03-11T17:07:06","modified_gmt":"2024-03-11T21:07:06","slug":"20-000-lieux-sous-la-merde","status":"publish","type":"product","link":"https:\/\/centrebang.ca\/en\/produit\/20-000-lieux-sous-la-merde\/","title":{"rendered":"20 000 lieux sous la merde"},"content":{"rendered":"<p>Ouvrage imprim\u00e9 en s\u00e9rigraphie entre 2017 et 2020. Le projet de Geoffrey Kayser est un magnifique livre \u0153uvre d&#8217;art compos\u00e9 d&#8217;une s\u00e9rie de planches s\u00e9rigraphi\u00e9es chacune avec 4 \u00e0 8 couleurs.<\/p>\n","protected":false},"excerpt":{"rendered":"<h1><em>20 000 lieux sous la merde<\/em><span class=\"x193iq5w xeuugli x13faqbe x1vvkbs x1xmvt09 x1lliihq x1s928wv xhkezso x1gmr53x x1cpjm7i x1fgarty x1943h6x xudqn12 x3x7a5m x6prxxf xvq8zen xo1l8bm xzsf02u x1yc453h\" dir=\"auto\"><br \/>\n<\/span><\/h1>\n<h6>Livre Papier \/ Illustrations couleur<\/h6>\n<p><strong>Auteur.e(s) <\/strong>Geoffrey Kayser<strong><br \/>\nDate de sortie <\/strong>2020<br \/>\n<strong>Langue<\/strong> Fran\u00e7ais<br \/>\n<strong>\u00c9diteur <\/strong><a href=\"https:\/\/centrebang.ca\/?sf=recherche-globale&amp;pt=post%2Cpage%2Ccpt-programmation%2Ccpt-public&amp;s=Papier+G%C3%A2chette\">Papier G\u00e2chette<\/a><br \/>\n<strong>Cat\u00e9gorie(s)<\/strong> <a href=\"https:\/\/centrebang.ca\/boutique\/?wpf=filtre_boutique&amp;wpf_cols=4&amp;wpf_page=1&amp;wpf_categories=livres-dartistes-produits\">Livres d\u2019artistes<\/a> \/\u00a0<a href=\"https:\/\/centrebang.ca\/boutique\/?wpf=filtre_boutique&amp;wpf_cols=4&amp;wpf_page=1&amp;wpf_categories=zines-produits\">Zines<\/a><br \/>\n<strong>Nombre de pages <\/strong>14<br \/>\n<strong>ISBN <\/strong>&#8211;<\/p>\n","protected":false},"featured_media":7001,"comment_status":"open","ping_status":"closed","template":"","meta":{"wds_primary_product_cat":0},"product_cat":[137,143,144],"product_tag":[],"class_list":["post-7000","product","type-product","status-publish","has-post-thumbnail","hentry","product_cat-produits","product_cat-livres-dartistes-produits","product_cat-zines-produits"],"acf":[],"_links":{"self":[{"href":"https:\/\/centrebang.ca\/en\/wp-json\/wp\/v2\/product\/7000","targetHints":{"allow":["GET"]}}],"collection":[{"href":"https:\/\/centrebang.ca\/en\/wp-json\/wp\/v2\/product"}],"about":[{"href":"https:\/\/centrebang.ca\/en\/wp-json\/wp\/v2\/types\/product"}],"replies":[{"embeddable":true,"href":"https:\/\/centrebang.ca\/en\/wp-json\/wp\/v2\/comments?post=7000"}],"wp:featuredmedia":[{"embeddable":true,"href":"https:\/\/centrebang.ca\/en\/wp-json\/wp\/v2\/media\/7001"}],"wp:attachment":[{"href":"https:\/\/centrebang.ca\/en\/wp-json\/wp\/v2\/media?parent=7000"}],"wp:term":[{"taxonomy":"product_cat","embeddable":true,"href":"https:\/\/centrebang.ca\/en\/wp-json\/wp\/v2\/product_cat?post=7000"},{"taxonomy":"product_tag","embeddable":true,"href":"https:\/\/centrebang.ca\/en\/wp-json\/wp\/v2\/product_tag?post=7000"}],"curies":[{"name":"wp","href":"https:\/\/api.w.org\/{rel}","templated":true}]}}