{"id":6999,"date":"2024-03-11T15:06:36","date_gmt":"2024-03-11T19:06:36","guid":{"rendered":"https:\/\/centrebang.ca\/?post_type=product&#038;p=6999"},"modified":"2024-03-11T17:13:28","modified_gmt":"2024-03-11T21:13:28","slug":"le-pantalon-de-vosgien","status":"publish","type":"product","link":"https:\/\/centrebang.ca\/en\/produit\/le-pantalon-de-vosgien\/","title":{"rendered":"Le pantalon de Vosgien"},"content":{"rendered":"<p>Roman graphique de Manu Poydenot.<\/p>\n<p>Un roman graphique dont la narration emprunte un chemin aussi tordu que l&#8217;esprit de son auteur.<\/p>\n<p>Imprim\u00e9 en s\u00e9rigraphie \u00e0 250 exemplaires sur les presses de Papier G\u00e2chette.<\/p>\n","protected":false},"excerpt":{"rendered":"<h1><em>Le pantalon de Vosgien<\/em><span class=\"x193iq5w xeuugli x13faqbe x1vvkbs x1xmvt09 x1lliihq x1s928wv xhkezso x1gmr53x x1cpjm7i x1fgarty x1943h6x xudqn12 x3x7a5m x6prxxf xvq8zen xo1l8bm xzsf02u x1yc453h\" dir=\"auto\"><br \/>\n<\/span><\/h1>\n<h6>Livre Papier \/ Illustrations en noir et blanc<\/h6>\n<p><strong>Auteur.e(s) <\/strong>Manu Poydenot<strong><br \/>\nDate de sortie <\/strong>2014<br \/>\n<strong>Langue<\/strong> Fran\u00e7ais<br \/>\n<strong>\u00c9diteur <\/strong><a href=\"https:\/\/centrebang.ca\/?sf=recherche-globale&amp;pt=post%2Cpage%2Ccpt-programmation%2Ccpt-public&amp;s=Papier+G%C3%A2chette\">Papier G\u00e2chette<\/a><br \/>\n<strong>Cat\u00e9gorie(s)<\/strong> <a href=\"https:\/\/centrebang.ca\/boutique\/?wpf=filtre_boutique&amp;wpf_cols=4&amp;wpf_page=1&amp;wpf_categories=livres-dartistes-produits\">Livres d\u2019artistes<\/a> \/\u00a0<a href=\"https:\/\/centrebang.ca\/boutique\/?wpf=filtre_boutique&amp;wpf_cols=4&amp;wpf_page=1&amp;wpf_categories=zines-produits\">Zines<\/a><br \/>\n<strong>Nombre de pages <\/strong>32<br \/>\n<strong>ISBN <\/strong>&#8211;<\/p>\n","protected":false},"featured_media":7006,"comment_status":"open","ping_status":"closed","template":"","meta":{"wds_primary_product_cat":0},"product_cat":[137,143,144],"product_tag":[],"class_list":["post-6999","product","type-product","status-publish","has-post-thumbnail","hentry","product_cat-produits","product_cat-livres-dartistes-produits","product_cat-zines-produits"],"acf":[],"_links":{"self":[{"href":"https:\/\/centrebang.ca\/en\/wp-json\/wp\/v2\/product\/6999","targetHints":{"allow":["GET"]}}],"collection":[{"href":"https:\/\/centrebang.ca\/en\/wp-json\/wp\/v2\/product"}],"about":[{"href":"https:\/\/centrebang.ca\/en\/wp-json\/wp\/v2\/types\/product"}],"replies":[{"embeddable":true,"href":"https:\/\/centrebang.ca\/en\/wp-json\/wp\/v2\/comments?post=6999"}],"wp:featuredmedia":[{"embeddable":true,"href":"https:\/\/centrebang.ca\/en\/wp-json\/wp\/v2\/media\/7006"}],"wp:attachment":[{"href":"https:\/\/centrebang.ca\/en\/wp-json\/wp\/v2\/media?parent=6999"}],"wp:term":[{"taxonomy":"product_cat","embeddable":true,"href":"https:\/\/centrebang.ca\/en\/wp-json\/wp\/v2\/product_cat?post=6999"},{"taxonomy":"product_tag","embeddable":true,"href":"https:\/\/centrebang.ca\/en\/wp-json\/wp\/v2\/product_tag?post=6999"}],"curies":[{"name":"wp","href":"https:\/\/api.w.org\/{rel}","templated":true}]}}