{"id":6884,"date":"2024-02-19T16:54:01","date_gmt":"2024-02-19T21:54:01","guid":{"rendered":"https:\/\/centrebang.ca\/?post_type=product&#038;p=6884"},"modified":"2025-10-24T15:37:52","modified_gmt":"2025-10-24T19:37:52","slug":"au-chevet","status":"publish","type":"product","link":"https:\/\/centrebang.ca\/en\/produit\/au-chevet\/","title":{"rendered":"Au chevet"},"content":{"rendered":"<p class=\"font_4 wixui-rich-text__text\">Livre de l&#8217;artiste <a href=\"https:\/\/centrebang.ca\/?sf=recherche-globale&amp;pt=post%2Cpage%2Ccpt-programmation%2Ccpt-public&amp;s=Magali+Baribeau-Marchand\">Magali Baribeau-Marchand<\/a> accompagnant l&#8217;exposition <a href=\"https:\/\/centrebang.ca\/programmation\/magali-baribeau-marchand-exposition-le-chant-des-choses\/\"><em>Le chant des choses<\/em><\/a> pr\u00e9sent\u00e9e du 6 octobre au 5 novembre 2022 au <a href=\"https:\/\/centrebang.ca\/\">centre Bang<\/a>.<em><br \/>\n<\/em><\/p>\n<p>Dans le cadre de la fin de ses \u00e9tudes \u00e0 la ma\u00eetrise en art \u00e0 l\u2019Universit\u00e9 du Qu\u00e9bec \u00e0 Chicoutimi, l\u2019artiste <a href=\"https:\/\/centrebang.ca\/?sf=recherche-globale&amp;pt=post%2Cpage%2Ccpt-programmation%2Ccpt-public&amp;s=Magali+Baribeau-Marchand\">Magali Baribeau-Marchand<\/a> a pr\u00e9sent\u00e9 l\u2019exposition <em>Le chant des choses<\/em> qui retrace et pr\u00e9sente ses recherches des derni\u00e8res ann\u00e9es portant sur les possibles de l\u2019infra-ordinaire comme r\u00e9enchantement, \u00e0 travers diff\u00e9rents m\u00e9diums qui mettent en lumi\u00e8re des ph\u00e9nom\u00e8nes d\u2019apparition et de disparition li\u00e9s \u00e0 la m\u00e9moire, \u00e0 l\u2019objet et au paysage.<\/p>\n","protected":false},"excerpt":{"rendered":"<h1><em>Au chevet<\/em><span class=\"x193iq5w xeuugli x13faqbe x1vvkbs x1xmvt09 x1lliihq x1s928wv xhkezso x1gmr53x x1cpjm7i x1fgarty x1943h6x xudqn12 x3x7a5m x6prxxf xvq8zen xo1l8bm xzsf02u x1yc453h\" dir=\"auto\"><br \/>\n<\/span><\/h1>\n<h6>Livre Papier<\/h6>\n<p><strong>Auteur.e(s) <\/strong><a href=\"https:\/\/centrebang.ca\/?sf=recherche-globale&amp;pt=post%2Cpage%2Ccpt-programmation%2Ccpt-public&amp;s=Magali+Baribeau-Marchand\">Magali Baribeau-Marchand<\/a><strong><br \/>\nDate de sortie <\/strong>2022<br \/>\n<strong>Langue<\/strong> Fran\u00e7ais<br \/>\n<strong>\u00c9diteur <\/strong>Autopublication<br \/>\n<strong>Cat\u00e9gorie(s)<\/strong> <a href=\"https:\/\/centrebang.ca\/boutique\/?wpf=filtre_boutique&amp;wpf_cols=4&amp;wpf_page=1&amp;wpf_categories=livres-dartistes-produits\">Livres d&#8217;artistes<\/a><br \/>\n<strong>Nombre de pages<\/strong> &#8211;<br \/>\n<strong>ISBN<\/strong> &#8211;<\/p>\n","protected":false},"featured_media":7152,"comment_status":"open","ping_status":"closed","template":"","meta":{"wds_primary_product_cat":0},"product_cat":[137,143],"product_tag":[],"class_list":["post-6884","product","type-product","status-publish","has-post-thumbnail","hentry","product_cat-produits","product_cat-livres-dartistes-produits"],"acf":[],"_links":{"self":[{"href":"https:\/\/centrebang.ca\/en\/wp-json\/wp\/v2\/product\/6884","targetHints":{"allow":["GET"]}}],"collection":[{"href":"https:\/\/centrebang.ca\/en\/wp-json\/wp\/v2\/product"}],"about":[{"href":"https:\/\/centrebang.ca\/en\/wp-json\/wp\/v2\/types\/product"}],"replies":[{"embeddable":true,"href":"https:\/\/centrebang.ca\/en\/wp-json\/wp\/v2\/comments?post=6884"}],"wp:featuredmedia":[{"embeddable":true,"href":"https:\/\/centrebang.ca\/en\/wp-json\/wp\/v2\/media\/7152"}],"wp:attachment":[{"href":"https:\/\/centrebang.ca\/en\/wp-json\/wp\/v2\/media?parent=6884"}],"wp:term":[{"taxonomy":"product_cat","embeddable":true,"href":"https:\/\/centrebang.ca\/en\/wp-json\/wp\/v2\/product_cat?post=6884"},{"taxonomy":"product_tag","embeddable":true,"href":"https:\/\/centrebang.ca\/en\/wp-json\/wp\/v2\/product_tag?post=6884"}],"curies":[{"name":"wp","href":"https:\/\/api.w.org\/{rel}","templated":true}]}}