{"id":6819,"date":"2024-02-05T14:39:26","date_gmt":"2024-02-05T19:39:26","guid":{"rendered":"https:\/\/centrebang.ca\/?post_type=product&#038;p=6819"},"modified":"2025-03-05T16:34:38","modified_gmt":"2025-03-05T21:34:38","slug":"vivianne-marion-et-carl-alban-le-pic-de-la-veuve-5-dialogues","status":"publish","type":"product","link":"https:\/\/centrebang.ca\/en\/produit\/vivianne-marion-et-carl-alban-le-pic-de-la-veuve-5-dialogues\/","title":{"rendered":"Vivianne Marion et Carl Alban ; Le pic de la veuve ; 5 dialogues"},"content":{"rendered":"<p>Int\u00e9ress\u00e9e par le litt\u00e9raire dans l&#8217;art visuel, mes recherches se concentrent \u00e0 mettre en sc\u00e8ne l&#8217;\u00e9criture dans l&#8217;espace. J&#8217;\u00e9labore des constellations de sens et de formes, construisant des univers tentaculaires et \u00e9nigmatiques.<\/p>\n<p>Les textes <em>Vivianne Marion et Carl Alban<\/em> (2014), <em>Le pic de la veuve<\/em> (2012) et les <em>5 dialogues<\/em> (2016) sont r\u00e9unis ici, en r\u00e9sonance avec les \u0153uvres r\u00e9alis\u00e9es entre 2016 et 2020, par l\u2019artiste Cindy Dumais. La pr\u00e9sente \u00e9dition est tir\u00e9e \u00e0 150 exemplaires num\u00e9rot\u00e9s et sign\u00e9s.<\/p>\n","protected":false},"excerpt":{"rendered":"<h1><em>Vivianne Marion et Carl Alban ; Le pic de la veuve ; 5 dialogues<\/em><span class=\"x193iq5w xeuugli x13faqbe x1vvkbs x1xmvt09 x1lliihq x1s928wv xhkezso x1gmr53x x1cpjm7i x1fgarty x1943h6x xudqn12 x3x7a5m x6prxxf xvq8zen xo1l8bm xzsf02u x1yc453h\" dir=\"auto\"><br \/>\n<\/span><\/h1>\n<h6>Livre Papier<\/h6>\n<p><strong>Auteur.e(s) <\/strong><a href=\"https:\/\/centrebang.ca\/?sf=recherche-globale&amp;pt=post%2Cpage%2Ccpt-programmation%2Ccpt-public&amp;s=Cindy+Dumais\">Cindy Dumais<\/a><strong><br \/>\nDate de sortie<\/strong> 01 septembre 2020<br \/>\n<strong>Langue<\/strong> Fran\u00e7ais<br \/>\n<strong>\u00c9diteur<\/strong> <a href=\"https:\/\/www.cindydumais.net\/index.php\/la-clignotante\">La Clignotante<\/a><br \/>\n<strong>Cat\u00e9gorie(s)<\/strong> <a href=\"https:\/\/centrebang.ca\/boutique\/?wpf=filtre_boutique&amp;wpf_cols=4&amp;wpf_page=1&amp;wpf_categories=livres-dartistes-produits\">Livres d&#8217;artistes<\/a><br \/>\n<strong>ISBN<\/strong> 9782923509136<\/p>\n","protected":false},"featured_media":6820,"comment_status":"open","ping_status":"closed","template":"","meta":{"wds_primary_product_cat":0},"product_cat":[137,143],"product_tag":[147,148,153,156,154,146,150,151,155,149],"acf":[],"_links":{"self":[{"href":"https:\/\/centrebang.ca\/en\/wp-json\/wp\/v2\/product\/6819"}],"collection":[{"href":"https:\/\/centrebang.ca\/en\/wp-json\/wp\/v2\/product"}],"about":[{"href":"https:\/\/centrebang.ca\/en\/wp-json\/wp\/v2\/types\/product"}],"replies":[{"embeddable":true,"href":"https:\/\/centrebang.ca\/en\/wp-json\/wp\/v2\/comments?post=6819"}],"wp:featuredmedia":[{"embeddable":true,"href":"https:\/\/centrebang.ca\/en\/wp-json\/wp\/v2\/media\/6820"}],"wp:attachment":[{"href":"https:\/\/centrebang.ca\/en\/wp-json\/wp\/v2\/media?parent=6819"}],"wp:term":[{"taxonomy":"product_cat","embeddable":true,"href":"https:\/\/centrebang.ca\/en\/wp-json\/wp\/v2\/product_cat?post=6819"},{"taxonomy":"product_tag","embeddable":true,"href":"https:\/\/centrebang.ca\/en\/wp-json\/wp\/v2\/product_tag?post=6819"}],"curies":[{"name":"wp","href":"https:\/\/api.w.org\/{rel}","templated":true}]}}