{"id":6807,"date":"2024-02-05T13:21:00","date_gmt":"2024-02-05T18:21:00","guid":{"rendered":"https:\/\/centrebang.ca\/?post_type=product&#038;p=6807"},"modified":"2024-02-05T14:26:09","modified_gmt":"2024-02-05T19:26:09","slug":"giguere-andree-anne-queinnec-jean-paul-cahier-de-phonographie-no-2","status":"publish","type":"product","link":"https:\/\/centrebang.ca\/en\/produit\/giguere-andree-anne-queinnec-jean-paul-cahier-de-phonographie-no-2\/","title":{"rendered":"Cahier de phonographie No 2"},"content":{"rendered":"<p>Pour cette deuxi\u00e8me phonographie, la Chaire de recherche en dramaturgie sonore au th\u00e9\u00e2tre voulait donner plus ouvertement une place \u00e0 ce corps. Mais quel corps? Ils ont convoqu\u00e9 celui organique et incarn\u00e9 qui joue des technologiques all\u00e9g\u00e9es, mais aussi celui capable de se d\u00e9ployer \u00ab [\u2026] comme un r\u00e9seau mat\u00e9riel et \u00e9nerg\u00e9tique mobile et instable de forces pulsionnelles et d\u2019interf\u00e9rences, d\u2019intensit\u00e9s disparates et crois\u00e9es (Michel Bernard, 2002, \u00ab De la corpor\u00e9it\u00e9 fictionnaire \u00bb, Revue internationale de philosophie, no 222, p. 523-534)\u00bb. Pour ce projet, cette force \u00e9tait cherch\u00e9e \u00e0 travers une corpor\u00e9it\u00e9 aux r\u00e9sonances virtuelles. C\u2019est bien ce corps augment\u00e9 (parce que) en \u00e9coute qui les a motiv\u00e9s \u00e0 collaborer avec des danseurs et \u00e0 exp\u00e9rimenter une dimension transm\u00e9diatique.<\/p>\n","protected":false},"excerpt":{"rendered":"<h1><em>Cahier de phonographie<br \/>\nno. 02 : Danse transm\u00e9diatique<\/em><span class=\"x193iq5w xeuugli x13faqbe x1vvkbs x1xmvt09 x1lliihq x1s928wv xhkezso x1gmr53x x1cpjm7i x1fgarty x1943h6x xudqn12 x3x7a5m x6prxxf xvq8zen xo1l8bm xzsf02u x1yc453h\" dir=\"auto\"><br \/>\n<\/span><\/h1>\n<h6>Livre Papier<\/h6>\n<p><strong>Auteur.e(s) <\/strong><span class=\"x193iq5w xeuugli x13faqbe x1vvkbs x1xmvt09 x1lliihq x1s928wv xhkezso x1gmr53x x1cpjm7i x1fgarty x1943h6x xudqn12 x3x7a5m x6prxxf xvq8zen xo1l8bm xzsf02u x1yc453h\" dir=\"auto\"><a href=\"https:\/\/centrebang.ca\/?sf=recherche-globale&amp;pt=post%2Cpage%2Ccpt-programmation%2Ccpt-public&amp;s=Andr%C3%A9e-Anne+Gigu%C3%A8re\">Andr\u00e9e-Anne Gigu\u00e8re<\/a> et <a href=\"https:\/\/centrebang.ca\/?sf=recherche-globale&amp;pt=post%2Cpage%2Ccpt-programmation%2Ccpt-public&amp;s=Jean-Paul+Qu%C3%A9innec\">Jean-Paul Qu\u00e9innec<\/a><\/span><strong><br \/>\nDate de sortie<\/strong> 01 juin 2018<br \/>\n<strong>Langue<\/strong> Fran\u00e7ais<br \/>\n<strong>\u00c9diteur <\/strong><a href=\"https:\/\/centrebang.ca\/?sf=recherche-globale&amp;pt=post%2Cpage%2Ccpt-programmation%2Ccpt-public&amp;s=La+Clignotante\">La Clignotante<\/a><br \/>\n<strong>Cat\u00e9gorie(s)<\/strong> <a href=\"https:\/\/centrebang.ca\/boutique\/?wpf=filtre_boutique&amp;wpf_cols=4&amp;wpf_page=1&amp;wpf_categories=livres-dartistes-produits\">Livres d&#8217;artistes<\/a><br \/>\n<strong>ISBN <\/strong>9782923509105<\/p>\n","protected":false},"featured_media":6808,"comment_status":"open","ping_status":"closed","template":"","meta":{"wds_primary_product_cat":0},"product_cat":[137,143],"product_tag":[147,148,154,146,150,151,155,149],"acf":[],"_links":{"self":[{"href":"https:\/\/centrebang.ca\/en\/wp-json\/wp\/v2\/product\/6807"}],"collection":[{"href":"https:\/\/centrebang.ca\/en\/wp-json\/wp\/v2\/product"}],"about":[{"href":"https:\/\/centrebang.ca\/en\/wp-json\/wp\/v2\/types\/product"}],"replies":[{"embeddable":true,"href":"https:\/\/centrebang.ca\/en\/wp-json\/wp\/v2\/comments?post=6807"}],"wp:featuredmedia":[{"embeddable":true,"href":"https:\/\/centrebang.ca\/en\/wp-json\/wp\/v2\/media\/6808"}],"wp:attachment":[{"href":"https:\/\/centrebang.ca\/en\/wp-json\/wp\/v2\/media?parent=6807"}],"wp:term":[{"taxonomy":"product_cat","embeddable":true,"href":"https:\/\/centrebang.ca\/en\/wp-json\/wp\/v2\/product_cat?post=6807"},{"taxonomy":"product_tag","embeddable":true,"href":"https:\/\/centrebang.ca\/en\/wp-json\/wp\/v2\/product_tag?post=6807"}],"curies":[{"name":"wp","href":"https:\/\/api.w.org\/{rel}","templated":true}]}}