{"id":6804,"date":"2024-02-05T12:59:06","date_gmt":"2024-02-05T17:59:06","guid":{"rendered":"https:\/\/centrebang.ca\/?post_type=product&#038;p=6804"},"modified":"2024-02-05T14:25:58","modified_gmt":"2024-02-05T19:25:58","slug":"giguere-andree-anne-queinnec-jean-paul-cahier-de-phonographie-no-1","status":"publish","type":"product","link":"https:\/\/centrebang.ca\/en\/produit\/giguere-andree-anne-queinnec-jean-paul-cahier-de-phonographie-no-1\/","title":{"rendered":"Cahier de phonographie No 1"},"content":{"rendered":"<p>Ce cahier prolonge l&#8217;aventure phonographique avec Charles Buckell sur les bords de la rivi\u00e8re Chigoubiche. La Chaire de Recherche du Canada en dramaturgie sonore au th\u00e9\u00e2tre tente de renouveler des pratiques d\u2019\u00e9coute hors des murs de la sc\u00e8ne. Sortir du territoire pour aller \u00e0 la rencontre du son, afin de vivre une \u00e9coute \u00e0 partir de l\u2019espace r\u00e9el. La captation sonore est une exp\u00e9rience d\u2019abord sensible, au-del\u00e0 de l\u2019exploration, une relation complexe, plurielle, en mutation constante avec un environnement et sa culture. C\u2019est \u00e0 partir de ce d\u00e9placement, de cette mobilit\u00e9 que l&#8217;\u00e9quipe de la Chaire fait \u0153uvre. Le concept de phonographie repose sp\u00e9cifiquement sur cette dynamique : mettre en valeur des sons, en les captant plut\u00f4t qu\u2019en les inventant et \u00e9crire une \u0153uvre en donnant la place \u00e0 la faillibilit\u00e9 de notre \u00e9coute mobile.<\/p>\n","protected":false},"excerpt":{"rendered":"<h1><em>Cahier de phonographie<br \/>\nno. 01 : Phonographie mobile Charles Buckell<\/em><span class=\"x193iq5w xeuugli x13faqbe x1vvkbs x1xmvt09 x1lliihq x1s928wv xhkezso x1gmr53x x1cpjm7i x1fgarty x1943h6x xudqn12 x3x7a5m x6prxxf xvq8zen xo1l8bm xzsf02u x1yc453h\" dir=\"auto\"><br \/>\n<\/span><\/h1>\n<h6>Livre Papier<\/h6>\n<p><strong>Auteur.e(s)<\/strong> <span class=\"x193iq5w xeuugli x13faqbe x1vvkbs x1xmvt09 x1lliihq x1s928wv xhkezso x1gmr53x x1cpjm7i x1fgarty x1943h6x xudqn12 x3x7a5m x6prxxf xvq8zen xo1l8bm xzsf02u x1yc453h\" dir=\"auto\"><a href=\"https:\/\/centrebang.ca\/?sf=recherche-globale&amp;pt=post%2Cpage%2Ccpt-programmation%2Ccpt-public&amp;s=Andr%C3%A9e-Anne+Gigu%C3%A8re\">Andr\u00e9e-Anne Gigu\u00e8re<\/a> et <a href=\"https:\/\/centrebang.ca\/?sf=recherche-globale&amp;pt=post%2Cpage%2Ccpt-programmation%2Ccpt-public&amp;s=Jean-Paul+Qu%C3%A9innec\">Jean-Paul Qu\u00e9innec<\/a><\/span><strong><br \/>\nDate de sortie<\/strong> 01 f\u00e9vrier 2018<br \/>\n<strong>Langue<\/strong> Fran\u00e7ais<br \/>\n<strong>\u00c9diteur <\/strong><a href=\"https:\/\/centrebang.ca\/?sf=recherche-globale&amp;pt=post%2Cpage%2Ccpt-programmation%2Ccpt-public&amp;s=La+Clignotante\">La Clignotante<\/a><br \/>\n<strong>Cat\u00e9gorie(s)<\/strong> <a href=\"https:\/\/centrebang.ca\/boutique\/?wpf=filtre_boutique&amp;wpf_cols=4&amp;wpf_page=1&amp;wpf_categories=livres-dartistes-produits\">Livres d&#8217;artistes<\/a><br \/>\n<strong>ISBN <\/strong>9782923509082<\/p>\n","protected":false},"featured_media":6805,"comment_status":"open","ping_status":"closed","template":"","meta":{"wds_primary_product_cat":0},"product_cat":[137,143],"product_tag":[147,148,154,146,150,151,155,149],"class_list":["post-6804","product","type-product","status-publish","has-post-thumbnail","hentry","product_cat-produits","product_cat-livres-dartistes-produits","product_tag-art","product_tag-artiste","product_tag-francais","product_tag-livre","product_tag-livre-dartiste","product_tag-livres-dartistes","product_tag-micro-edition","product_tag-quebec"],"acf":[],"_links":{"self":[{"href":"https:\/\/centrebang.ca\/en\/wp-json\/wp\/v2\/product\/6804","targetHints":{"allow":["GET"]}}],"collection":[{"href":"https:\/\/centrebang.ca\/en\/wp-json\/wp\/v2\/product"}],"about":[{"href":"https:\/\/centrebang.ca\/en\/wp-json\/wp\/v2\/types\/product"}],"replies":[{"embeddable":true,"href":"https:\/\/centrebang.ca\/en\/wp-json\/wp\/v2\/comments?post=6804"}],"wp:featuredmedia":[{"embeddable":true,"href":"https:\/\/centrebang.ca\/en\/wp-json\/wp\/v2\/media\/6805"}],"wp:attachment":[{"href":"https:\/\/centrebang.ca\/en\/wp-json\/wp\/v2\/media?parent=6804"}],"wp:term":[{"taxonomy":"product_cat","embeddable":true,"href":"https:\/\/centrebang.ca\/en\/wp-json\/wp\/v2\/product_cat?post=6804"},{"taxonomy":"product_tag","embeddable":true,"href":"https:\/\/centrebang.ca\/en\/wp-json\/wp\/v2\/product_tag?post=6804"}],"curies":[{"name":"wp","href":"https:\/\/api.w.org\/{rel}","templated":true}]}}