{"id":6716,"date":"2024-01-23T16:32:35","date_gmt":"2024-01-23T21:32:35","guid":{"rendered":"https:\/\/centrebang.ca\/?post_type=product&#038;p=6716"},"modified":"2025-03-21T17:17:50","modified_gmt":"2025-03-21T21:17:50","slug":"dumais-cindy-anifeste","status":"publish","type":"product","link":"https:\/\/centrebang.ca\/en\/produit\/dumais-cindy-anifeste\/","title":{"rendered":"Manifeste"},"content":{"rendered":"<p>Manifeste en po\u00e9sie et dessins sur la lettre M.<br \/>\nTirage de 10 exemplaires, num\u00e9rot\u00e9s et sign\u00e9s.<\/p>\n","protected":false},"excerpt":{"rendered":"<h1><em>Manifeste<\/em><span class=\"x193iq5w xeuugli x13faqbe x1vvkbs x1xmvt09 x1lliihq x1s928wv xhkezso x1gmr53x x1cpjm7i x1fgarty x1943h6x xudqn12 x3x7a5m x6prxxf xvq8zen xo1l8bm xzsf02u x1yc453h\" dir=\"auto\"><br \/>\n<\/span><\/h1>\n<h6>Livre Papier<\/h6>\n<p><strong>Auteur.e(s) <\/strong><a href=\"https:\/\/centrebang.ca\/?sf=recherche-globale&amp;pt=post%2Cpage%2Ccpt-programmation%2Ccpt-public&amp;s=Cindy+Dumais\">Cindy Dumais<\/a><strong><br \/>\nDate de sortie <\/strong>2002<br \/>\n<strong>Langue<\/strong> Fran\u00e7ais<br \/>\n<strong>\u00c9diteur<\/strong> <a href=\"https:\/\/www.cindydumais.net\/index.php\/la-clignotante\">La Clignotante<\/a><br \/>\n<strong>Cat\u00e9gorie(s)<\/strong> <a href=\"https:\/\/centrebang.ca\/boutique\/?wpf=filtre_boutique&amp;wpf_cols=4&amp;wpf_page=1&amp;wpf_categories=livres-dartistes-produits\">Livres d&#8217;artistes<\/a><br \/>\n<strong>Nombre de pages<\/strong> &#8211;<br \/>\n<strong>ISBN<\/strong> &#8211;<strong><br \/>\n<\/strong><\/p>\n","protected":false},"featured_media":7163,"comment_status":"open","ping_status":"closed","template":"","meta":{"wds_primary_product_cat":0},"product_cat":[137,144],"product_tag":[147,148,153,156,154,146,150,151,155,149],"class_list":["post-6716","product","type-product","status-publish","has-post-thumbnail","hentry","product_cat-produits","product_cat-zines-produits","product_tag-art","product_tag-artiste","product_tag-autopublication","product_tag-cindy-dumais","product_tag-francais","product_tag-livre","product_tag-livre-dartiste","product_tag-livres-dartistes","product_tag-micro-edition","product_tag-quebec"],"acf":[],"_links":{"self":[{"href":"https:\/\/centrebang.ca\/en\/wp-json\/wp\/v2\/product\/6716","targetHints":{"allow":["GET"]}}],"collection":[{"href":"https:\/\/centrebang.ca\/en\/wp-json\/wp\/v2\/product"}],"about":[{"href":"https:\/\/centrebang.ca\/en\/wp-json\/wp\/v2\/types\/product"}],"replies":[{"embeddable":true,"href":"https:\/\/centrebang.ca\/en\/wp-json\/wp\/v2\/comments?post=6716"}],"wp:featuredmedia":[{"embeddable":true,"href":"https:\/\/centrebang.ca\/en\/wp-json\/wp\/v2\/media\/7163"}],"wp:attachment":[{"href":"https:\/\/centrebang.ca\/en\/wp-json\/wp\/v2\/media?parent=6716"}],"wp:term":[{"taxonomy":"product_cat","embeddable":true,"href":"https:\/\/centrebang.ca\/en\/wp-json\/wp\/v2\/product_cat?post=6716"},{"taxonomy":"product_tag","embeddable":true,"href":"https:\/\/centrebang.ca\/en\/wp-json\/wp\/v2\/product_tag?post=6716"}],"curies":[{"name":"wp","href":"https:\/\/api.w.org\/{rel}","templated":true}]}}