{"id":6695,"date":"2024-01-23T11:45:59","date_gmt":"2024-01-23T16:45:59","guid":{"rendered":"https:\/\/centrebang.ca\/?post_type=product&#038;p=6695"},"modified":"2024-02-05T14:25:27","modified_gmt":"2024-02-05T19:25:27","slug":"dumais-cindy-excedez-2003-2007","status":"publish","type":"product","link":"https:\/\/centrebang.ca\/en\/produit\/dumais-cindy-excedez-2003-2007\/","title":{"rendered":"Exc\u00e9dez 2003-2007"},"content":{"rendered":"<p>Textes de r\u00e9flexion et images in\u00e9dites du projet <em>EXCEDEZ<\/em> de l&#8217;artiste <a href=\"https:\/\/centrebang.ca\/?sf=recherche-globale&amp;pt=post%2Cpage%2Ccpt-programmation%2Ccpt-public&amp;s=Cindy+Dumais\">Cindy Dumais<\/a>.<\/p>\n","protected":false},"excerpt":{"rendered":"<h1><em>Exc\u00e9dez 2003-2007<\/em><span class=\"x193iq5w xeuugli x13faqbe x1vvkbs x1xmvt09 x1lliihq x1s928wv xhkezso x1gmr53x x1cpjm7i x1fgarty x1943h6x xudqn12 x3x7a5m x6prxxf xvq8zen xo1l8bm xzsf02u x1yc453h\" dir=\"auto\"><br \/>\n<\/span><\/h1>\n<h6>Livre Papier \/ Illustrations en couleur<\/h6>\n<p><strong>Auteur.e(s) <\/strong><a href=\"https:\/\/centrebang.ca\/?sf=recherche-globale&amp;pt=post%2Cpage%2Ccpt-programmation%2Ccpt-public&amp;s=Jean-Fran%C3%A7ois+Caron\">Jean-Fran\u00e7ois Caron<\/a>, <a href=\"https:\/\/centrebang.ca\/?sf=recherche-globale&amp;pt=post%2Cpage%2Ccpt-programmation%2Ccpt-public&amp;s=Cindy+Dumais\">Cindy Dumais<\/a>, <a href=\"https:\/\/centrebang.ca\/?sf=recherche-globale&amp;pt=post%2Cpage%2Ccpt-programmation%2Ccpt-public&amp;s=Micha%C3%ABl+La+Chance\">Micha\u00ebl La Chance<\/a>, <a href=\"https:\/\/centrebang.ca\/?sf=recherche-globale&amp;pt=post%2Cpage%2Ccpt-programmation%2Ccpt-public&amp;s=Jean-Pierre+Vidal\">Jean-Pierre Vidal<\/a><strong><br \/>\nDate de sortie<\/strong>\u00a02011<br \/>\n<strong>Langues<\/strong> Fran\u00e7ais \/ Anglais<br \/>\n<strong>\u00c9diteur<\/strong> <a href=\"https:\/\/www.cindydumais.net\/index.php\/la-clignotante\">La Clignotante<\/a><br \/>\n<strong>Cat\u00e9gorie(s)<\/strong> <a href=\"https:\/\/centrebang.ca\/boutique\/?wpf=filtre_boutique&amp;wpf_cols=4&amp;wpf_page=1&amp;wpf_categories=livres-dartistes-produits\">Livres d&#8217;artistes<\/a><br \/>\n<strong>Nombre de pages<\/strong> 69<br \/>\n<strong>ISBN<\/strong> 9782923509044<\/p>\n","protected":false},"featured_media":6712,"comment_status":"open","ping_status":"closed","template":"","meta":{"wds_primary_product_cat":0},"product_cat":[137,143],"product_tag":[147,148,153,156,154,146,150,151,155,149],"acf":[],"_links":{"self":[{"href":"https:\/\/centrebang.ca\/en\/wp-json\/wp\/v2\/product\/6695"}],"collection":[{"href":"https:\/\/centrebang.ca\/en\/wp-json\/wp\/v2\/product"}],"about":[{"href":"https:\/\/centrebang.ca\/en\/wp-json\/wp\/v2\/types\/product"}],"replies":[{"embeddable":true,"href":"https:\/\/centrebang.ca\/en\/wp-json\/wp\/v2\/comments?post=6695"}],"wp:featuredmedia":[{"embeddable":true,"href":"https:\/\/centrebang.ca\/en\/wp-json\/wp\/v2\/media\/6712"}],"wp:attachment":[{"href":"https:\/\/centrebang.ca\/en\/wp-json\/wp\/v2\/media?parent=6695"}],"wp:term":[{"taxonomy":"product_cat","embeddable":true,"href":"https:\/\/centrebang.ca\/en\/wp-json\/wp\/v2\/product_cat?post=6695"},{"taxonomy":"product_tag","embeddable":true,"href":"https:\/\/centrebang.ca\/en\/wp-json\/wp\/v2\/product_tag?post=6695"}],"curies":[{"name":"wp","href":"https:\/\/api.w.org\/{rel}","templated":true}]}}