{"id":6683,"date":"2024-01-22T19:39:29","date_gmt":"2024-01-23T00:39:29","guid":{"rendered":"https:\/\/centrebang.ca\/?post_type=product&#038;p=6683"},"modified":"2024-02-05T14:25:13","modified_gmt":"2024-02-05T19:25:13","slug":"dumais-cindy-chute","status":"publish","type":"product","link":"https:\/\/centrebang.ca\/en\/produit\/dumais-cindy-chute\/","title":{"rendered":"Chute"},"content":{"rendered":"<p>Recueil de textes \u00e9crits entre 2000 et 2006 publi\u00e9 en \u00e9cho avec le projet en arts visuels\u00a0<em>EXC\u00c9DEZ<\/em> de <a href=\"https:\/\/centrebang.ca\/?sf=recherche-globale&amp;pt=post%2Cpage%2Ccpt-programmation%2Ccpt-public&amp;s=cindy+dumais\">Cindy Dumais<\/a>. Le projet <em>EXC\u00c9DEZ<\/em> prend d\u00e9part sur la route et se compose de deux tomes. L&#8217;artiste s&#8217;est int\u00e9ress\u00e9e \u00e0 l&#8217;accident comme m\u00e9taphore \u00e0 l&#8217;existence. La premi\u00e8re partie <em>EXC\u00c9DEZ : Je suis une auto mais je n&#8217;ai pas de mobile<\/em> a \u00e9t\u00e9 pr\u00e9sent\u00e9e en 2004 \u00e0 la galerie S\u00e9quence et <em>EXC\u00c9DEZ II : Les accident\u00e9s<\/em>, \u00e0 <em>Espace Virtuel en 2007<\/em>. Le livre est tir\u00e9 \u00e0 200 exemplaires sign\u00e9s et num\u00e9rot\u00e9s et comprend des photographies, dessins et collages in\u00e9dits du projet.<\/p>\n","protected":false},"excerpt":{"rendered":"<h1><em>Chute<\/em><span class=\"x193iq5w xeuugli x13faqbe x1vvkbs x1xmvt09 x1lliihq x1s928wv xhkezso x1gmr53x x1cpjm7i x1fgarty x1943h6x xudqn12 x3x7a5m x6prxxf xvq8zen xo1l8bm xzsf02u x1yc453h\" dir=\"auto\"><br \/>\n<\/span><\/h1>\n<h6>Livre Papier<\/h6>\n<p><strong>Auteur.e(s) <\/strong><a href=\"https:\/\/centrebang.ca\/?sf=recherche-globale&amp;pt=post%2Cpage%2Ccpt-programmation%2Ccpt-public&amp;s=Cindy+Dumais\">Cindy Dumais<\/a><strong><br \/>\nDate de sortie<\/strong> 01 novembre 2006<br \/>\n<strong>Langue<\/strong> Fran\u00e7ais<br \/>\n<strong>\u00c9diteur<\/strong> <a href=\"https:\/\/www.cindydumais.net\/index.php\/la-clignotante\">La Clignotante<\/a><br \/>\n<strong>Cat\u00e9gorie(s)<\/strong> <a href=\"https:\/\/centrebang.ca\/boutique\/?wpf=filtre_boutique&amp;wpf_cols=4&amp;wpf_page=1&amp;wpf_categories=livres-dartistes-produits\">Livres d&#8217;artistes<\/a><br \/>\n<strong>Nombre de pages<\/strong> 154<br \/>\n<strong>ISBN<\/strong> 9782923509020<\/p>\n","protected":false},"featured_media":6710,"comment_status":"open","ping_status":"closed","template":"","meta":{"wds_primary_product_cat":0},"product_cat":[137,143],"product_tag":[147,148,153,156,154,146,150,151,155,149],"acf":[],"_links":{"self":[{"href":"https:\/\/centrebang.ca\/en\/wp-json\/wp\/v2\/product\/6683"}],"collection":[{"href":"https:\/\/centrebang.ca\/en\/wp-json\/wp\/v2\/product"}],"about":[{"href":"https:\/\/centrebang.ca\/en\/wp-json\/wp\/v2\/types\/product"}],"replies":[{"embeddable":true,"href":"https:\/\/centrebang.ca\/en\/wp-json\/wp\/v2\/comments?post=6683"}],"wp:featuredmedia":[{"embeddable":true,"href":"https:\/\/centrebang.ca\/en\/wp-json\/wp\/v2\/media\/6710"}],"wp:attachment":[{"href":"https:\/\/centrebang.ca\/en\/wp-json\/wp\/v2\/media?parent=6683"}],"wp:term":[{"taxonomy":"product_cat","embeddable":true,"href":"https:\/\/centrebang.ca\/en\/wp-json\/wp\/v2\/product_cat?post=6683"},{"taxonomy":"product_tag","embeddable":true,"href":"https:\/\/centrebang.ca\/en\/wp-json\/wp\/v2\/product_tag?post=6683"}],"curies":[{"name":"wp","href":"https:\/\/api.w.org\/{rel}","templated":true}]}}